{"id":1102,"date":"2025-12-14T23:07:05","date_gmt":"2025-12-14T22:07:05","guid":{"rendered":"http:\/\/filmcatering-hermann-homann.de\/?page_id=1102"},"modified":"2026-02-12T08:27:12","modified_gmt":"2026-02-12T07:27:12","slug":"datenschutz","status":"publish","type":"page","link":"https:\/\/filmcatering-hermann-homann.de\/?page_id=1102","title":{"rendered":"Datenschutz"},"content":{"rendered":"\t\t<div data-elementor-type=\"wp-page\" data-elementor-id=\"1102\" class=\"elementor elementor-1102\">\n\t\t\t\t<div class=\"elementor-element elementor-element-1b1dd3ff e-flex e-con-boxed wpr-particle-no wpr-jarallax-no wpr-parallax-no wpr-sticky-section-no e-con e-parent\" data-id=\"1b1dd3ff\" data-element_type=\"container\" data-e-type=\"container\">\n\t\t\t\t\t<div class=\"e-con-inner\">\n\t\t\t\t<div class=\"elementor-element elementor-element-3aea504e elementor-widget elementor-widget-text-editor\" data-id=\"3aea504e\" data-element_type=\"widget\" data-e-type=\"widget\" data-widget_type=\"text-editor.default\">\n\t\t\t\t\t\t\t\t\t<h2 data-start=\"225\" data-end=\"248\">Datenschutzerkl\u00e4rung<\/h2><h3 data-start=\"250\" data-end=\"276\">1. Allgemeine Hinweise<\/h3><p data-start=\"277\" data-end=\"477\">Der Schutz Ihrer pers\u00f6nlichen Daten ist uns wichtig. Wir behandeln Ihre personenbezogenen Daten vertraulich und entsprechend den gesetzlichen Datenschutzvorschriften sowie dieser Datenschutzerkl\u00e4rung.<\/p><p data-start=\"479\" data-end=\"646\">Beim Besuch dieser Website werden verschiedene personenbezogene Daten erhoben. Personenbezogene Daten sind Daten, mit denen Sie pers\u00f6nlich identifiziert werden k\u00f6nnen.<\/p><hr data-start=\"648\" data-end=\"651\" \/><h3 data-start=\"653\" data-end=\"676\">2. Verantwortlicher<\/h3><p>Wirtsm\u00fchler Stra\u00dfe 26<br \/>42929 Wermelskirchen<\/p><p>Filmcatering Hermann Koenen<br \/>Inhaberin: Andrea Homann<br \/>Trajanstra\u00dfe 9<br \/>50678 K\u00f6ln<br \/>Deutschland<\/p><p data-start=\"780\" data-end=\"847\">Telefon: 0179 7544039<br data-start=\"801\" data-end=\"804\" \/>E-Mail: <a class=\"decorated-link cursor-pointer\" rel=\"noopener\" data-start=\"812\" data-end=\"847\">info@filmcatering-hermann-homann.de<\/a><\/p><hr data-start=\"849\" data-end=\"852\" \/><h3 data-start=\"854\" data-end=\"868\">3. Hosting<\/h3><p data-start=\"870\" data-end=\"931\">Diese Website wird bei einem externen Dienstleister gehostet:<\/p><p data-start=\"933\" data-end=\"1019\">ALL-INKL.COM \u2013 Neue Medien M\u00fcnnich<br data-start=\"967\" data-end=\"970\" \/>Hauptstra\u00dfe 68<br data-start=\"984\" data-end=\"987\" \/>02742 Friedersdorf<br data-start=\"1005\" data-end=\"1008\" \/>Deutschland<\/p><p data-start=\"1021\" data-end=\"1237\">Beim Aufruf unserer Website erfasst der Hostinganbieter automatisch sogenannte Server-Logfiles. Diese Daten sind technisch erforderlich, um die Website anzuzeigen und die Stabilit\u00e4t sowie Sicherheit zu gew\u00e4hrleisten.<\/p><p data-start=\"1239\" data-end=\"1274\">Erfasst werden k\u00f6nnen insbesondere:<\/p><ul data-start=\"1275\" data-end=\"1432\"><li data-start=\"1275\" data-end=\"1287\"><p data-start=\"1277\" data-end=\"1287\">IP-Adresse<\/p><\/li><li data-start=\"1288\" data-end=\"1319\"><p data-start=\"1290\" data-end=\"1319\">Datum und Uhrzeit der Anfrage<\/p><\/li><li data-start=\"1320\" data-end=\"1351\"><p data-start=\"1322\" data-end=\"1351\">Browsertyp und Browserversion<\/p><\/li><li data-start=\"1352\" data-end=\"1380\"><p data-start=\"1354\" data-end=\"1380\">verwendetes Betriebssystem<\/p><\/li><li data-start=\"1381\" data-end=\"1395\"><p data-start=\"1383\" data-end=\"1395\">Referrer URL<\/p><\/li><li data-start=\"1396\" data-end=\"1432\"><p data-start=\"1398\" data-end=\"1432\">Hostname des zugreifenden Rechners<\/p><\/li><\/ul><p data-start=\"1434\" data-end=\"1581\">Die Verarbeitung erfolgt auf Grundlage von Art. 6 Abs. 1 lit. f DSGVO (berechtigtes Interesse an stabiler und sicherer Bereitstellung der Website).<\/p><hr data-start=\"1583\" data-end=\"1586\" \/><h3 data-start=\"1588\" data-end=\"1610\">4. Kontaktaufnahme<\/h3><p data-start=\"1612\" data-end=\"1834\">Wenn Sie uns per E-Mail oder \u00fcber das Kontaktformular kontaktieren, werden Ihre Angaben inklusive der von Ihnen dort angegebenen Kontaktdaten zwecks Bearbeitung der Anfrage und f\u00fcr den Fall von Anschlussfragen gespeichert.<\/p><p data-start=\"1836\" data-end=\"1960\">Die Verarbeitung erfolgt auf Grundlage von Art. 6 Abs. 1 lit. b DSGVO (vorvertragliche Ma\u00dfnahmen bzw. Vertragsdurchf\u00fchrung).<\/p><p data-start=\"1962\" data-end=\"2023\">Ihre Daten werden nicht ohne Ihre Einwilligung weitergegeben.<\/p><hr data-start=\"2025\" data-end=\"2028\" \/><h3 data-start=\"2030\" data-end=\"2058\">5. Speicherung der Daten<\/h3><p data-start=\"2059\" data-end=\"2213\">Wir speichern personenbezogene Daten nur so lange, wie dies zur Bearbeitung Ihrer Anfrage erforderlich ist oder gesetzliche Aufbewahrungsfristen bestehen.<\/p><hr data-start=\"2215\" data-end=\"2218\" \/><h3 data-start=\"2220\" data-end=\"2234\">6. Cookies<\/h3><p data-start=\"2235\" data-end=\"2414\">Unsere Website verwendet technisch notwendige Cookies. Cookies sind kleine Textdateien, die auf Ihrem Endger\u00e4t gespeichert werden und die Funktionalit\u00e4t der Website sicherstellen.<\/p><p data-start=\"2416\" data-end=\"2545\">Die Verarbeitung erfolgt auf Grundlage von Art. 6 Abs. 1 lit. f DSGVO (berechtigtes Interesse an einer funktionsf\u00e4higen Website).<\/p><hr data-start=\"2547\" data-end=\"2550\" \/><h3 data-start=\"2552\" data-end=\"2570\">7. Ihre Rechte<\/h3><p data-start=\"2571\" data-end=\"2605\">Sie haben jederzeit das Recht auf:<\/p><ul data-start=\"2607\" data-end=\"2796\"><li data-start=\"2607\" data-end=\"2647\"><p data-start=\"2609\" data-end=\"2647\">Auskunft \u00fcber Ihre gespeicherten Daten<\/p><\/li><li data-start=\"2648\" data-end=\"2680\"><p data-start=\"2650\" data-end=\"2680\">Berichtigung unrichtiger Daten<\/p><\/li><li data-start=\"2681\" data-end=\"2703\"><p data-start=\"2683\" data-end=\"2703\">L\u00f6schung Ihrer Daten<\/p><\/li><li data-start=\"2704\" data-end=\"2736\"><p data-start=\"2706\" data-end=\"2736\">Einschr\u00e4nkung der Verarbeitung<\/p><\/li><li data-start=\"2737\" data-end=\"2773\"><p data-start=\"2739\" data-end=\"2773\">Widerspruch gegen die Verarbeitung<\/p><\/li><li data-start=\"2774\" data-end=\"2796\"><p data-start=\"2776\" data-end=\"2796\">Daten\u00fcbertragbarkeit<\/p><\/li><\/ul><p data-start=\"2798\" data-end=\"2895\">Au\u00dferdem haben Sie das Recht, sich bei der zust\u00e4ndigen Datenschutzaufsichtsbeh\u00f6rde zu beschweren.<\/p><p data-start=\"2897\" data-end=\"2925\">Zust\u00e4ndige Aufsichtsbeh\u00f6rde:<\/p><p data-start=\"2927\" data-end=\"3047\">Landesbeauftragte f\u00fcr Datenschutz und Informationsfreiheit Nordrhein-Westfalen<br data-start=\"3005\" data-end=\"3008\" \/>Kavalleriestra\u00dfe 2-4<br data-start=\"3028\" data-end=\"3031\" \/>40213 D\u00fcsseldorf<\/p><hr data-start=\"3049\" data-end=\"3052\" \/><h3 data-start=\"3054\" data-end=\"3080\">8. SSL-Verschl\u00fcsselung<\/h3><p data-start=\"3081\" data-end=\"3319\">Diese Seite nutzt aus Sicherheitsgr\u00fcnden und zum Schutz der \u00dcbertragung vertraulicher Inhalte eine SSL- bzw. TLS-Verschl\u00fcsselung. Eine verschl\u00fcsselte Verbindung erkennen Sie daran, dass die Adresszeile des Browsers mit \u201ehttps:\/\/\u201c beginnt.<\/p>\t\t\t\t\t\t\t\t<\/div>\n\t\t\t\t\t<\/div>\n\t\t\t\t<\/div>\n\t\t\t\t<\/div>\n\t\t","protected":false},"excerpt":{"rendered":"<p>Datenschutzerkl\u00e4rung 1. Allgemeine Hinweise Der Schutz Ihrer pers\u00f6nlichen Daten ist uns wichtig. Wir behandeln Ihre personenbezogenen Daten vertraulich und entsprechend den gesetzlichen Datenschutzvorschriften sowie dieser Datenschutzerkl\u00e4rung. Beim Besuch dieser Website werden verschiedene personenbezogene Daten erhoben. Personenbezogene Daten sind Daten, mit denen Sie pers\u00f6nlich identifiziert werden k\u00f6nnen. 2. Verantwortlicher Wirtsm\u00fchler Stra\u00dfe 2642929 Wermelskirchen Filmcatering Hermann KoenenInhaberin: Andrea HomannTrajanstra\u00dfe 950678 K\u00f6lnDeutschland Telefon: 0179 7544039E-Mail: info@filmcatering-hermann-homann.de 3. Hosting Diese Website wird bei einem externen Dienstleister gehostet: ALL-INKL.COM \u2013 Neue Medien M\u00fcnnichHauptstra\u00dfe 6802742 FriedersdorfDeutschland Beim Aufruf unserer Website erfasst der Hostinganbieter automatisch sogenannte Server-Logfiles. Diese Daten sind technisch erforderlich, um die Website anzuzeigen und die Stabilit\u00e4t sowie Sicherheit zu gew\u00e4hrleisten. Erfasst werden k\u00f6nnen insbesondere: IP-Adresse Datum und Uhrzeit der Anfrage Browsertyp und Browserversion verwendetes Betriebssystem Referrer URL Hostname des zugreifenden Rechners Die Verarbeitung erfolgt auf Grundlage von Art. 6 Abs. 1 lit. f DSGVO (berechtigtes Interesse an stabiler und sicherer Bereitstellung der Website). 4. Kontaktaufnahme Wenn Sie uns per E-Mail oder \u00fcber das Kontaktformular kontaktieren, werden Ihre Angaben inklusive der von Ihnen dort angegebenen Kontaktdaten zwecks Bearbeitung der Anfrage und f\u00fcr den Fall von Anschlussfragen gespeichert. Die Verarbeitung erfolgt auf Grundlage von Art. 6 Abs. 1 lit. b DSGVO (vorvertragliche Ma\u00dfnahmen bzw. Vertragsdurchf\u00fchrung). Ihre Daten werden nicht ohne Ihre Einwilligung weitergegeben. 5. Speicherung der Daten Wir speichern personenbezogene Daten nur so lange, wie dies zur Bearbeitung Ihrer Anfrage erforderlich ist oder gesetzliche Aufbewahrungsfristen bestehen. 6. Cookies Unsere Website verwendet technisch notwendige Cookies. Cookies sind kleine Textdateien, die auf Ihrem Endger\u00e4t gespeichert werden und die Funktionalit\u00e4t der Website sicherstellen. Die Verarbeitung erfolgt auf Grundlage von Art. 6 Abs. 1 lit. f DSGVO (berechtigtes Interesse an einer funktionsf\u00e4higen Website). 7. Ihre Rechte Sie haben jederzeit das Recht auf: Auskunft \u00fcber Ihre gespeicherten Daten Berichtigung unrichtiger Daten L\u00f6schung Ihrer Daten Einschr\u00e4nkung der Verarbeitung Widerspruch gegen die Verarbeitung Daten\u00fcbertragbarkeit Au\u00dferdem haben Sie das Recht, sich bei der zust\u00e4ndigen Datenschutzaufsichtsbeh\u00f6rde zu beschweren. Zust\u00e4ndige Aufsichtsbeh\u00f6rde: Landesbeauftragte f\u00fcr Datenschutz und Informationsfreiheit Nordrhein-WestfalenKavalleriestra\u00dfe 2-440213 D\u00fcsseldorf 8. SSL-Verschl\u00fcsselung Diese Seite nutzt aus Sicherheitsgr\u00fcnden und zum Schutz der \u00dcbertragung vertraulicher Inhalte eine SSL- bzw. TLS-Verschl\u00fcsselung. Eine verschl\u00fcsselte Verbindung erkennen Sie daran, dass die Adresszeile des Browsers mit \u201ehttps:\/\/\u201c beginnt.<\/p>\n","protected":false},"author":1,"featured_media":0,"parent":0,"menu_order":0,"comment_status":"closed","ping_status":"closed","template":"","meta":{"footnotes":""},"class_list":["post-1102","page","type-page","status-publish","hentry"],"_links":{"self":[{"href":"https:\/\/filmcatering-hermann-homann.de\/index.php?rest_route=\/wp\/v2\/pages\/1102","targetHints":{"allow":["GET"]}}],"collection":[{"href":"https:\/\/filmcatering-hermann-homann.de\/index.php?rest_route=\/wp\/v2\/pages"}],"about":[{"href":"https:\/\/filmcatering-hermann-homann.de\/index.php?rest_route=\/wp\/v2\/types\/page"}],"author":[{"embeddable":true,"href":"https:\/\/filmcatering-hermann-homann.de\/index.php?rest_route=\/wp\/v2\/users\/1"}],"replies":[{"embeddable":true,"href":"https:\/\/filmcatering-hermann-homann.de\/index.php?rest_route=%2Fwp%2Fv2%2Fcomments&post=1102"}],"version-history":[{"count":9,"href":"https:\/\/filmcatering-hermann-homann.de\/index.php?rest_route=\/wp\/v2\/pages\/1102\/revisions"}],"predecessor-version":[{"id":2576,"href":"https:\/\/filmcatering-hermann-homann.de\/index.php?rest_route=\/wp\/v2\/pages\/1102\/revisions\/2576"}],"wp:attachment":[{"href":"https:\/\/filmcatering-hermann-homann.de\/index.php?rest_route=%2Fwp%2Fv2%2Fmedia&parent=1102"}],"curies":[{"name":"wp","href":"https:\/\/api.w.org\/{rel}","templated":true}]}}