{"id":1112,"date":"2025-12-14T23:10:46","date_gmt":"2025-12-14T22:10:46","guid":{"rendered":"http:\/\/filmcatering-hermann-homann.de\/?page_id=1112"},"modified":"2026-02-12T08:26:38","modified_gmt":"2026-02-12T07:26:38","slug":"impressum","status":"publish","type":"page","link":"https:\/\/filmcatering-hermann-homann.de\/?page_id=1112","title":{"rendered":"Impressum"},"content":{"rendered":"\t\t<div data-elementor-type=\"wp-page\" data-elementor-id=\"1112\" class=\"elementor elementor-1112\">\n\t\t\t\t<div class=\"elementor-element elementor-element-c24e033 e-flex e-con-boxed wpr-particle-no wpr-jarallax-no wpr-parallax-no wpr-sticky-section-no e-con e-parent\" data-id=\"c24e033\" data-element_type=\"container\" data-e-type=\"container\">\n\t\t\t\t\t<div class=\"e-con-inner\">\n\t\t\t\t<div class=\"elementor-element elementor-element-68b35a73 elementor-widget elementor-widget-text-editor\" data-id=\"68b35a73\" data-element_type=\"widget\" data-e-type=\"widget\" data-widget_type=\"text-editor.default\">\n\t\t\t\t\t\t\t\t\t<h2 data-start=\"379\" data-end=\"391\">Impressum<\/h2>\n<p data-start=\"393\" data-end=\"418\"><strong data-start=\"393\" data-end=\"418\">Angaben gem\u00e4\u00df \u00a7 5 TMG<\/strong><\/p>\n<p>Wirtsm\u00fchler Stra\u00dfe 26<br \/>42929 Wermelskirchen<\/p>\n<p>Filmcatering Hermann Koenen<br \/>Inhaberin: Andrea Homann<br \/>Trajanstra\u00dfe 9<br \/>50678 K\u00f6ln<br \/>Deutschland<\/p>\n<p data-start=\"520\" data-end=\"601\"><strong data-start=\"520\" data-end=\"531\">Kontakt<\/strong><br data-start=\"531\" data-end=\"534\" \/>Telefon: 0179 7544039<br data-start=\"555\" data-end=\"558\" \/>E-Mail: <a class=\"decorated-link cursor-pointer\" rel=\"noopener\" data-start=\"566\" data-end=\"601\">info@filmcatering-hermann-homann.de<\/a><\/p>\n<hr data-start=\"603\" data-end=\"606\" \/>\n<h3 data-start=\"608\" data-end=\"663\">Verantwortlich f\u00fcr den Inhalt nach \u00a7 18 Abs. 2 MStV<\/h3>\n<p data-start=\"664\" data-end=\"707\">Andrea Homann<br data-start=\"677\" data-end=\"680\" \/><br \/><\/p>\t\t\t\t\t\t\t\t<\/div>\n\t\t\t\t\t<\/div>\n\t\t\t\t<\/div>\n\t\t\t\t<\/div>\n\t\t","protected":false},"excerpt":{"rendered":"<p>Impressum Angaben gem\u00e4\u00df \u00a7 5 TMG Wirtsm\u00fchler Stra\u00dfe 2642929 Wermelskirchen Filmcatering Hermann KoenenInhaberin: Andrea HomannTrajanstra\u00dfe 950678 K\u00f6lnDeutschland KontaktTelefon: 0179 7544039E-Mail: info@filmcatering-hermann-homann.de Verantwortlich f\u00fcr den Inhalt nach \u00a7 18 Abs. 2 MStV Andrea Homann<\/p>\n","protected":false},"author":1,"featured_media":0,"parent":0,"menu_order":0,"comment_status":"closed","ping_status":"closed","template":"","meta":{"footnotes":""},"class_list":["post-1112","page","type-page","status-publish","hentry"],"_links":{"self":[{"href":"https:\/\/filmcatering-hermann-homann.de\/index.php?rest_route=\/wp\/v2\/pages\/1112","targetHints":{"allow":["GET"]}}],"collection":[{"href":"https:\/\/filmcatering-hermann-homann.de\/index.php?rest_route=\/wp\/v2\/pages"}],"about":[{"href":"https:\/\/filmcatering-hermann-homann.de\/index.php?rest_route=\/wp\/v2\/types\/page"}],"author":[{"embeddable":true,"href":"https:\/\/filmcatering-hermann-homann.de\/index.php?rest_route=\/wp\/v2\/users\/1"}],"replies":[{"embeddable":true,"href":"https:\/\/filmcatering-hermann-homann.de\/index.php?rest_route=%2Fwp%2Fv2%2Fcomments&post=1112"}],"version-history":[{"count":10,"href":"https:\/\/filmcatering-hermann-homann.de\/index.php?rest_route=\/wp\/v2\/pages\/1112\/revisions"}],"predecessor-version":[{"id":2573,"href":"https:\/\/filmcatering-hermann-homann.de\/index.php?rest_route=\/wp\/v2\/pages\/1112\/revisions\/2573"}],"wp:attachment":[{"href":"https:\/\/filmcatering-hermann-homann.de\/index.php?rest_route=%2Fwp%2Fv2%2Fmedia&parent=1112"}],"curies":[{"name":"wp","href":"https:\/\/api.w.org\/{rel}","templated":true}]}}